{"id":4102,"date":"2021-03-08T11:56:41","date_gmt":"2021-03-08T10:56:41","guid":{"rendered":"https:\/\/www.jimdo-stable-staging.com/de/magazin\/?page_id=4102"},"modified":"2025-07-18T11:13:05","modified_gmt":"2025-07-18T10:13:05","slug":"unsere-mission","status":"publish","type":"page","link":"https:\/\/www.jimdo-stable-staging.com/de/magazin\/unsere-mission\/","title":{"rendered":"Unsere Mission"},"content":{"rendered":"\n<p><strong>Unsere Mission:<\/strong><\/p>\n\n\n\n<h1 class=\"wp-block-heading\">Wir entfesseln die Kraft der Selbststa\u0308ndigen und helfen ihnen, erfolgreich zu sein.<\/h1>\n\n\n\n<p>Du bist selbstst\u00e4ndig, aber nicht allein. Denn wir von Jimdo sind an deiner Seite. Warum? Weil unser Herz f\u00fcr Selbst\u00e4ndige wie Dich schl\u00e4gt. Wir sehen Dich und wir unterst\u00fctzen Dich. Du bist wichtig. Du bist f\u00fcr uns das Fundament unserer Wirtschaft. Schau dir an, was unseren Gr\u00fcnder Matthias bewegt.<\/p>\n\n\n\n<figure class=\"wp-block-embed is-type-video is-provider-youtube wp-block-embed-youtube wp-embed-aspect-16-9 wp-has-aspect-ratio\"><div class=\"wp-block-embed__wrapper\">\n<iframe loading=\"lazy\" title=\"Jimdo-Gr\u00fcnder Matthias Henze und seine Mission\" width=\"500\" height=\"281\" src=\"https:\/\/www.youtube.com\/embed\/_NXrM7rwJIs?feature=oembed\" frameborder=\"0\" allow=\"accelerometer; autoplay; clipboard-write; encrypted-media; gyroscope; picture-in-picture; web-share\" referrerpolicy=\"strict-origin-when-cross-origin\" allowfullscreen><\/iframe>\n<\/div><\/figure>\n\n\n\n<p>Wenn der Z\u00fcricher Hutmacher Julian seinen Laden wegen Corona schlie\u00dfen muss, aber seine gr\u00f6\u00dfte Sorge ist, wie seine Tagel\u00f6hner durch die Pandemie kommen,<\/p>\n\n\n\n<p>wenn der Bremer Tischler Claas seine Kunden von den ersten Sp\u00e4nen an die Entstehung ihres M\u00f6belst\u00fccks live verfolgen l\u00e4sst, weil das bisher noch niemand gemacht hat,<\/p>\n\n\n\n<p>wenn die Kirchheimer Fitnesstrainerin Jennifer junge M\u00fctter innerhalb von 24 Stunden mit ma\u00dfgeschneiderten Online-Kursen versorgt,<\/p>\n\n\n\n<p>dann k\u00f6nnten wir nicht stolzer sein.<br>Denn wir arbeiten f\u00fcr Julian, Claas und Jennifer \u2013 und euch alle, die ihr als Selbstst\u00e4ndige und kleine Unternehmen euren Weg geht.<\/p>\n\n\n\n<figure class=\"wp-block-image\"><img data-recalc-dims=\"1\" decoding=\"async\" src=\"https:\/\/i0.wp.com\/www.jimdo-stable-staging.com/de/magazin\/wp-content\/uploads\/2021\/03\/about_us_portrait_1.jpg?ssl=1\" alt=\"\"\/><figcaption class=\"wp-element-caption\">Julian, <a href=\"https:\/\/www.stroh-art.ch\" target=\"_blank\" rel=\"noopener\">stroh-art.ch<\/a><\/figcaption><\/figure>\n\n\n\n<figure class=\"wp-block-image\"><img data-recalc-dims=\"1\" decoding=\"async\" src=\"https:\/\/i0.wp.com\/www.jimdo-stable-staging.com/de/magazin\/wp-content\/uploads\/2021\/03\/about_us_portrait_2.jpg?ssl=1\" alt=\"\"\/><figcaption class=\"wp-element-caption\">Claas, <a href=\"https:\/\/www.wood-you-love.de\" target=\"_blank\" rel=\"noopener\">wood-you-love.de<\/a><\/figcaption><\/figure>\n\n\n\n<figure class=\"wp-block-image\"><img data-recalc-dims=\"1\" decoding=\"async\" src=\"https:\/\/i0.wp.com\/www.jimdo-stable-staging.com/de/magazin\/wp-content\/uploads\/2021\/03\/about_us_portrait_3.jpg?ssl=1\" alt=\"\"\/><figcaption class=\"wp-element-caption\">Jennifer, <a href=\"https:\/\/www.womenletics.de\" target=\"_blank\" rel=\"noopener\">womenletics.de<\/a><\/figcaption><\/figure>\n\n\n\n<p>Wir sind Jimdo. <br>Und f\u00fcr uns seid ihr Selbstst\u00e4ndigen die wahren Helden unserer Wirtschaft.<br>Ihr macht unsere Stra\u00dfen und Kieze, D\u00f6rfer und Metropolen lebendig,<br>denkt und wirtschaftet regional <br>und handelt nach Werten, die man in gro\u00dfen Unternehmen immer seltener findet: <br>Menschlichkeit, Verantwortungsbewusstsein und den Blick \u00fcber den eigenen Profit-Tellerrand hinaus.<\/p>\n\n\n\n<p>Und wir? <br>Tun alles daf\u00fcr, um euch zu st\u00e4rken und voranzubringen.&nbsp;<br>Mit Produkten, die euch von B\u00fcroarbeit befreien, euer Business befeuern und eure einzigartigen Superkr\u00e4fte best\u00e4rken:&nbsp;<br>Euer Herzblut, diese verr\u00fcckte Mischung aus Leidenschaft und tiefer Verbundenheit mit eurer Arbeit. Und eure N\u00e4he zu Kunden und Mitarbeitern, die kein Algorithmus je kopieren wird.<\/p>\n\n\n\n<p>Schon heute unterst\u00fctzen wir euch mit dem besten Websitebaukasten f\u00fcr Selbst\u00e4ndige, einem professionellen Online-Shop und einzigartigen Tools wie dem Legal Text Generator oder Facebook for Business.<\/p>\n\n\n\n<p>Aber das ist erst der Anfang. Wir arbeiten t\u00e4glich weiter daran, dass euer Business in der digitalen Welt m\u00f6glichst m\u00fchelos funktioniert. Daf\u00fcr entwickeln wir Werkzeuge, die euch mit M\u00f6glichkeiten ausstatten, die sonst nur gro\u00dfen Unternehmen zur Verf\u00fcgung stehen.<\/p>\n\n\n\n<p>Denn das ist es, worum es geht:<\/p>\n\n\n\n<p><b>Euer Herzblut f\u00fcr Euer Business.<br>Unser Herzblut f\u00fcr Euch!<\/b><\/p>\n\n\n\n<h2 class=\"wp-block-heading\">Manifest f\u00fcr die Selbstst\u00e4ndigen<\/h2>\n\n\n\n<p>Wir lieben die Mutigen,<br>die Selbstbestimmten,<br>die Macher.<br>Die ihr Leben selbst in die Hand nehmen,<br>etwas riskieren,<br>Neues starten.<br>Menschen wie Euch.<\/p>\n\n\n\n<p>Ihr habt eine Idee,<br>ein Ziel,<br>ein eigenes Unternehmen,<br>Ihr besitzt den Mut,<br>bei Null zu starten,<br>die Kraft, euch um jedes Detail zu k\u00fcmmern,<br>und den Stolz, f\u00fcr alles mit eurem eigenen Namen einzustehen.<\/p>\n\n\n\n<p>Wir sehen euch.<br>Wir wissen, wie das ist,<br>wenn Herzblut in jedem Handgriff steckt,<br>und ein pers\u00f6nliches Wort so viel wert ist<br>wie eine erfolgreiche Woche.<\/p>\n\n\n\n<p>Und wir wissen<br>um die \u00dcbermacht der Gro\u00dfen<br>und all die Alltagsh\u00fcrden,<br>die euch im Weg stehen.<\/p>\n\n\n\n<p>Aber ihr seid nicht allein.<br>Wir sind hier.<br>Wir sind euer Team.<\/p>\n\n\n\n<p>Wir helfen euch,<br>eure Kraft zu entfesseln,<br>euren eigenen Weg zu gehen<br>und eure Ziele zu erreichen.<\/p>\n","protected":false},"excerpt":{"rendered":"<p>Unsere Mission: Wir entfesseln die Kraft der Selbststa\u0308ndigen und helfen ihnen, erfolgreich zu sein. Du bist selbstst\u00e4ndig, aber nicht allein. Denn wir von Jimdo sind an deiner Seite. Warum? Weil unser Herz f\u00fcr Selbst\u00e4ndige wie Dich schl\u00e4gt. Wir sehen Dich und wir unterst\u00fctzen Dich. Du bist wichtig. Du bist f\u00fcr uns das Fundament unserer Wirtschaft. [&hellip;]<\/p>\n","protected":false},"author":2,"featured_media":0,"parent":0,"menu_order":0,"comment_status":"closed","ping_status":"closed","template":"","meta":{"footnotes":""},"class_list":["post-4102","page","type-page","status-publish","hentry"],"yoast_head":"<!-- This site is optimized with the Yoast SEO plugin v27.5 - https:\/\/yoast.com\/product\/yoast-seo-wordpress\/ -->\n<title>Unsere Mission: Selbstst\u00e4ndige zu unterst\u00fctzen | Jimdo<\/title>\n<meta name=\"description\" content=\"Unser Herz schl\u00e4gt f\u00fcr Selbstst\u00e4ndige. Sie sind das Fundament unserer Wirtschaft. Jimdo-Gr\u00fcnder Matthias Henze erkl\u00e4rt, warum sie eine Lobby brauchen.\" \/>\n<meta name=\"robots\" content=\"index, follow, max-snippet:-1, max-image-preview:large, max-video-preview:-1\" \/>\n<link rel=\"canonical\" href=\"https:\/\/www.jimdo-stable-staging.com/de/magazin\/unsere-mission\/\" \/>\n<meta property=\"og:locale\" content=\"de_DE\" \/>\n<meta property=\"og:type\" content=\"article\" \/>\n<meta property=\"og:title\" content=\"Unsere Mission: Selbstst\u00e4ndige zu unterst\u00fctzen | Jimdo\" \/>\n<meta property=\"og:description\" content=\"Unser Herz schl\u00e4gt f\u00fcr Selbstst\u00e4ndige. Sie sind das Fundament unserer Wirtschaft. Jimdo-Gr\u00fcnder Matthias Henze erkl\u00e4rt, warum sie eine Lobby brauchen.\" \/>\n<meta property=\"og:url\" content=\"https:\/\/www.jimdo-stable-staging.com/de/magazin\/unsere-mission\/\" \/>\n<meta property=\"og:site_name\" content=\"Das Jimdo-Magazin f\u00fcr Unternehmer\" \/>\n<meta property=\"article:publisher\" content=\"https:\/\/www.facebook.com\/Jimdo.de\" \/>\n<meta property=\"article:modified_time\" content=\"2025-07-18T10:13:05+00:00\" \/>\n<meta property=\"og:image\" content=\"https:\/\/www.jimdo-stable-staging.com/de/magazin\/wp-content\/uploads\/2021\/03\/about_us_portrait_1.jpg\" \/>\n<meta name=\"twitter:card\" content=\"summary_large_image\" \/>\n<meta name=\"twitter:site\" content=\"@jimdo_de\" \/>\n<meta name=\"twitter:label1\" content=\"Gesch\u00e4tzte Lesezeit\" \/>\n\t<meta name=\"twitter:data1\" content=\"4\u00a0Minuten\" \/>\n<script type=\"application\/ld+json\" class=\"yoast-schema-graph\">{\"@context\":\"https:\\\/\\\/schema.org\",\"@graph\":[{\"@type\":\"WebPage\",\"@id\":\"https:\\\/\\\/www.jimdo-stable-staging.com/de/magazin\\\/unsere-mission\\\/\",\"url\":\"https:\\\/\\\/www.jimdo-stable-staging.com/de/magazin\\\/unsere-mission\\\/\",\"name\":\"Unsere Mission: Selbstst\u00e4ndige zu unterst\u00fctzen | Jimdo\",\"isPartOf\":{\"@id\":\"https:\\\/\\\/www.jimdo-stable-staging.com/de/magazin\\\/#website\"},\"primaryImageOfPage\":{\"@id\":\"https:\\\/\\\/www.jimdo-stable-staging.com/de/magazin\\\/unsere-mission\\\/#primaryimage\"},\"image\":{\"@id\":\"https:\\\/\\\/www.jimdo-stable-staging.com/de/magazin\\\/unsere-mission\\\/#primaryimage\"},\"thumbnailUrl\":\"https:\\\/\\\/www.jimdo-stable-staging.com/de/magazin\\\/wp-content\\\/uploads\\\/2021\\\/03\\\/about_us_portrait_1.jpg\",\"datePublished\":\"2021-03-08T10:56:41+00:00\",\"dateModified\":\"2025-07-18T10:13:05+00:00\",\"description\":\"Unser Herz schl\u00e4gt f\u00fcr Selbstst\u00e4ndige. Sie sind das Fundament unserer Wirtschaft. Jimdo-Gr\u00fcnder Matthias Henze erkl\u00e4rt, warum sie eine Lobby brauchen.\",\"breadcrumb\":{\"@id\":\"https:\\\/\\\/www.jimdo-stable-staging.com/de/magazin\\\/unsere-mission\\\/#breadcrumb\"},\"inLanguage\":\"de\",\"potentialAction\":[{\"@type\":\"ReadAction\",\"target\":[\"https:\\\/\\\/www.jimdo-stable-staging.com/de/magazin\\\/unsere-mission\\\/\"]}]},{\"@type\":\"ImageObject\",\"inLanguage\":\"de\",\"@id\":\"https:\\\/\\\/www.jimdo-stable-staging.com/de/magazin\\\/unsere-mission\\\/#primaryimage\",\"url\":\"https:\\\/\\\/i0.wp.com\\\/www.jimdo-stable-staging.com/de/magazin\\\/wp-content\\\/uploads\\\/2021\\\/03\\\/about_us_portrait_1.jpg?fit=600%2C800&ssl=1\",\"contentUrl\":\"https:\\\/\\\/i0.wp.com\\\/www.jimdo-stable-staging.com/de/magazin\\\/wp-content\\\/uploads\\\/2021\\\/03\\\/about_us_portrait_1.jpg?fit=600%2C800&ssl=1\",\"width\":600,\"height\":800},{\"@type\":\"BreadcrumbList\",\"@id\":\"https:\\\/\\\/www.jimdo-stable-staging.com/de/magazin\\\/unsere-mission\\\/#breadcrumb\",\"itemListElement\":[{\"@type\":\"ListItem\",\"position\":1,\"name\":\"Startseite\",\"item\":\"https:\\\/\\\/www.jimdo-stable-staging.com/de/magazin\\\/\"},{\"@type\":\"ListItem\",\"position\":2,\"name\":\"Unsere Mission\"}]},{\"@type\":\"WebSite\",\"@id\":\"https:\\\/\\\/www.jimdo-stable-staging.com/de/magazin\\\/#website\",\"url\":\"https:\\\/\\\/www.jimdo-stable-staging.com/de/magazin\\\/\",\"name\":\"Das Jimdo-Magazin f\u00fcr Unternehmer\",\"description\":\"\",\"publisher\":{\"@id\":\"https:\\\/\\\/www.jimdo-stable-staging.com/de/magazin\\\/#organization\"},\"potentialAction\":[{\"@type\":\"SearchAction\",\"target\":{\"@type\":\"EntryPoint\",\"urlTemplate\":\"https:\\\/\\\/www.jimdo-stable-staging.com/de/magazin\\\/?s={search_term_string}\"},\"query-input\":{\"@type\":\"PropertyValueSpecification\",\"valueRequired\":true,\"valueName\":\"search_term_string\"}}],\"inLanguage\":\"de\"},{\"@type\":\"Organization\",\"@id\":\"https:\\\/\\\/www.jimdo-stable-staging.com/de/magazin\\\/#organization\",\"name\":\"Jimdo GmbH\",\"url\":\"https:\\\/\\\/www.jimdo-stable-staging.com/de/magazin\\\/\",\"logo\":{\"@type\":\"ImageObject\",\"inLanguage\":\"de\",\"@id\":\"https:\\\/\\\/www.jimdo-stable-staging.com/de/magazin\\\/#\\\/schema\\\/logo\\\/image\\\/\",\"url\":\"https:\\\/\\\/www.jimdo-stable-staging.com/de/magazin\\\/wp-content\\\/uploads\\\/2020\\\/03\\\/JimdoLogo-2019-main-petrol-transparent.png\",\"contentUrl\":\"https:\\\/\\\/www.jimdo-stable-staging.com/de/magazin\\\/wp-content\\\/uploads\\\/2020\\\/03\\\/JimdoLogo-2019-main-petrol-transparent.png\",\"width\":2048,\"height\":844,\"caption\":\"Jimdo GmbH\"},\"image\":{\"@id\":\"https:\\\/\\\/www.jimdo-stable-staging.com/de/magazin\\\/#\\\/schema\\\/logo\\\/image\\\/\"},\"sameAs\":[\"https:\\\/\\\/www.facebook.com\\\/Jimdo.de\",\"https:\\\/\\\/x.com\\\/jimdo_de\",\"https:\\\/\\\/www.instagram.com\\\/jimdo_official\\\/\",\"https:\\\/\\\/www.youtube.com\\\/jimdode\"]}]}<\/script>\n<!-- \/ Yoast SEO plugin. -->","yoast_head_json":{"title":"Unsere Mission: Selbstst\u00e4ndige zu unterst\u00fctzen | Jimdo","description":"Unser Herz schl\u00e4gt f\u00fcr Selbstst\u00e4ndige. Sie sind das Fundament unserer Wirtschaft. Jimdo-Gr\u00fcnder Matthias Henze erkl\u00e4rt, warum sie eine Lobby brauchen.","robots":{"index":"index","follow":"follow","max-snippet":"max-snippet:-1","max-image-preview":"max-image-preview:large","max-video-preview":"max-video-preview:-1"},"canonical":"https:\/\/www.jimdo-stable-staging.com/de/magazin\/unsere-mission\/","og_locale":"de_DE","og_type":"article","og_title":"Unsere Mission: Selbstst\u00e4ndige zu unterst\u00fctzen | Jimdo","og_description":"Unser Herz schl\u00e4gt f\u00fcr Selbstst\u00e4ndige. Sie sind das Fundament unserer Wirtschaft. Jimdo-Gr\u00fcnder Matthias Henze erkl\u00e4rt, warum sie eine Lobby brauchen.","og_url":"https:\/\/www.jimdo-stable-staging.com/de/magazin\/unsere-mission\/","og_site_name":"Das Jimdo-Magazin f\u00fcr Unternehmer","article_publisher":"https:\/\/www.facebook.com\/Jimdo.de","article_modified_time":"2025-07-18T10:13:05+00:00","og_image":[{"url":"https:\/\/www.jimdo-stable-staging.com/de/magazin\/wp-content\/uploads\/2021\/03\/about_us_portrait_1.jpg","type":"","width":"","height":""}],"twitter_card":"summary_large_image","twitter_site":"@jimdo_de","twitter_misc":{"Gesch\u00e4tzte Lesezeit":"4\u00a0Minuten"},"schema":{"@context":"https:\/\/schema.org","@graph":[{"@type":"WebPage","@id":"https:\/\/www.jimdo-stable-staging.com/de/magazin\/unsere-mission\/","url":"https:\/\/www.jimdo-stable-staging.com/de/magazin\/unsere-mission\/","name":"Unsere Mission: Selbstst\u00e4ndige zu unterst\u00fctzen | Jimdo","isPartOf":{"@id":"https:\/\/www.jimdo-stable-staging.com/de/magazin\/#website"},"primaryImageOfPage":{"@id":"https:\/\/www.jimdo-stable-staging.com/de/magazin\/unsere-mission\/#primaryimage"},"image":{"@id":"https:\/\/www.jimdo-stable-staging.com/de/magazin\/unsere-mission\/#primaryimage"},"thumbnailUrl":"https:\/\/www.jimdo-stable-staging.com/de/magazin\/wp-content\/uploads\/2021\/03\/about_us_portrait_1.jpg","datePublished":"2021-03-08T10:56:41+00:00","dateModified":"2025-07-18T10:13:05+00:00","description":"Unser Herz schl\u00e4gt f\u00fcr Selbstst\u00e4ndige. Sie sind das Fundament unserer Wirtschaft. Jimdo-Gr\u00fcnder Matthias Henze erkl\u00e4rt, warum sie eine Lobby brauchen.","breadcrumb":{"@id":"https:\/\/www.jimdo-stable-staging.com/de/magazin\/unsere-mission\/#breadcrumb"},"inLanguage":"de","potentialAction":[{"@type":"ReadAction","target":["https:\/\/www.jimdo-stable-staging.com/de/magazin\/unsere-mission\/"]}]},{"@type":"ImageObject","inLanguage":"de","@id":"https:\/\/www.jimdo-stable-staging.com/de/magazin\/unsere-mission\/#primaryimage","url":"https:\/\/i0.wp.com\/www.jimdo-stable-staging.com/de/magazin\/wp-content\/uploads\/2021\/03\/about_us_portrait_1.jpg?fit=600%2C800&ssl=1","contentUrl":"https:\/\/i0.wp.com\/www.jimdo-stable-staging.com/de/magazin\/wp-content\/uploads\/2021\/03\/about_us_portrait_1.jpg?fit=600%2C800&ssl=1","width":600,"height":800},{"@type":"BreadcrumbList","@id":"https:\/\/www.jimdo-stable-staging.com/de/magazin\/unsere-mission\/#breadcrumb","itemListElement":[{"@type":"ListItem","position":1,"name":"Startseite","item":"https:\/\/www.jimdo-stable-staging.com/de/magazin\/"},{"@type":"ListItem","position":2,"name":"Unsere Mission"}]},{"@type":"WebSite","@id":"https:\/\/www.jimdo-stable-staging.com/de/magazin\/#website","url":"https:\/\/www.jimdo-stable-staging.com/de/magazin\/","name":"Das Jimdo-Magazin f\u00fcr Unternehmer","description":"","publisher":{"@id":"https:\/\/www.jimdo-stable-staging.com/de/magazin\/#organization"},"potentialAction":[{"@type":"SearchAction","target":{"@type":"EntryPoint","urlTemplate":"https:\/\/www.jimdo-stable-staging.com/de/magazin\/?s={search_term_string}"},"query-input":{"@type":"PropertyValueSpecification","valueRequired":true,"valueName":"search_term_string"}}],"inLanguage":"de"},{"@type":"Organization","@id":"https:\/\/www.jimdo-stable-staging.com/de/magazin\/#organization","name":"Jimdo GmbH","url":"https:\/\/www.jimdo-stable-staging.com/de/magazin\/","logo":{"@type":"ImageObject","inLanguage":"de","@id":"https:\/\/www.jimdo-stable-staging.com/de/magazin\/#\/schema\/logo\/image\/","url":"https:\/\/www.jimdo-stable-staging.com/de/magazin\/wp-content\/uploads\/2020\/03\/JimdoLogo-2019-main-petrol-transparent.png","contentUrl":"https:\/\/www.jimdo-stable-staging.com/de/magazin\/wp-content\/uploads\/2020\/03\/JimdoLogo-2019-main-petrol-transparent.png","width":2048,"height":844,"caption":"Jimdo GmbH"},"image":{"@id":"https:\/\/www.jimdo-stable-staging.com/de/magazin\/#\/schema\/logo\/image\/"},"sameAs":["https:\/\/www.facebook.com\/Jimdo.de","https:\/\/x.com\/jimdo_de","https:\/\/www.instagram.com\/jimdo_official\/","https:\/\/www.youtube.com\/jimdode"]}]}},"jetpack_sharing_enabled":true,"jetpack-related-posts":[],"_links":{"self":[{"href":"https:\/\/www.jimdo-stable-staging.com/de/magazin\/wp-json\/wp\/v2\/pages\/4102","targetHints":{"allow":["GET"]}}],"collection":[{"href":"https:\/\/www.jimdo-stable-staging.com/de/magazin\/wp-json\/wp\/v2\/pages"}],"about":[{"href":"https:\/\/www.jimdo-stable-staging.com/de/magazin\/wp-json\/wp\/v2\/types\/page"}],"author":[{"embeddable":true,"href":"https:\/\/www.jimdo-stable-staging.com/de/magazin\/wp-json\/wp\/v2\/users\/2"}],"replies":[{"embeddable":true,"href":"https:\/\/www.jimdo-stable-staging.com/de/magazin\/wp-json\/wp\/v2\/comments?post=4102"}],"version-history":[{"count":0,"href":"https:\/\/www.jimdo-stable-staging.com/de/magazin\/wp-json\/wp\/v2\/pages\/4102\/revisions"}],"wp:attachment":[{"href":"https:\/\/www.jimdo-stable-staging.com/de/magazin\/wp-json\/wp\/v2\/media?parent=4102"}],"curies":[{"name":"wp","href":"https:\/\/api.w.org\/{rel}","templated":true}]}}