{"id":817,"date":"2021-03-09T13:57:02","date_gmt":"2021-03-09T11:57:02","guid":{"rendered":"https:\/\/www.jimdo-stable-staging.com/es/blog\/?page_id=817"},"modified":"2021-03-24T12:19:53","modified_gmt":"2021-03-24T11:19:53","slug":"nuestra-mision","status":"publish","type":"page","link":"https:\/\/www.jimdo-stable-staging.com/es/blog\/nuestra-mision\/","title":{"rendered":"Nuestra mision"},"content":{"rendered":"<p>Nuestra Misi\u00f3n:<\/p>\n<p>Desatar el poder de las personas emprendedoras y ayudarles a lograr el \u00e9xito.<\/p>\n<p>Trabajas de forma independiente, pero no est\u00e1s solo en esto. Jimdo est\u00e1 contigo en cada paso del camino. \u00bfPor qu\u00e9? Porque las personas emprendedoras como t\u00fa, con sus peque\u00f1os negocios, son nuestros h\u00e9roes. Por eso queremos ayudarte a desatar tu poder en el mundo online.<\/p>\n<p>Cuando Julian, fabricante de gorras de Z\u00farich, tuvo que cerrar su tienda por el coronavirus, y su mayor preocupaci\u00f3n fue c\u00f3mo sus empleados superar\u00edan la pandemia&#8230;<\/p>\n<p>Cuando Claas, carpintero de Bremen, mantuvo activos a sus clientes cuando materializ\u00f3 su idea de hacer muebles a medida \u201cen vivo\u201d, simplemente porque nadie lo hab\u00eda hecho antes\u2026<\/p>\n<p>Cuando Jennifer, entrenadora personal, empez\u00f3 a ofrecer clases personalizadas online para madres j\u00f3venes en 24 horas&#8230;<\/p>\n<p>&#8230;no pod\u00edamos sentirnos m\u00e1s orgullosos.<\/p>\n<p>Porque nosotros trabajamos para las peque\u00f1as y medianas empresas, emprendedores y aut\u00f3nomos como Julian, Claas y Jennifer, y para todas aquellas personas que se dedican a sus propios negocios.<\/p>\n<figure>\n\t\t\t\t\t\t\t\t\t\t<img data-recalc-dims=\"1\" decoding=\"async\" width=\"600\" height=\"800\" src=\"https:\/\/i0.wp.com\/www.jimdo-stable-staging.com/es/blog\/wp-content\/uploads\/2021\/03\/about_us_portrait_1.jpg?resize=600%2C800&#038;ssl=1\" alt=\"\" loading=\"lazy\"><figcaption>Julian, <a target=\"_blank\" href=\"https:\/\/www.stroh-art.ch\" rel=\"noopener\">stroh-art.ch<\/a><\/figcaption><\/figure>\n<figure>\n\t\t\t\t\t\t\t\t\t\t<img data-recalc-dims=\"1\" decoding=\"async\" width=\"600\" height=\"800\" src=\"https:\/\/i0.wp.com\/www.jimdo-stable-staging.com/es/blog\/wp-content\/uploads\/2021\/03\/about_us_portrait_2.jpg?resize=600%2C800&#038;ssl=1\" alt=\"\" loading=\"lazy\"><figcaption>Claas, <a target=\"_blank\" href=\"https:\/\/www.wood-you-love.de\" rel=\"noopener\">wood-you-love.de<\/a><\/figcaption><\/figure>\n<figure>\n\t\t\t\t\t\t\t\t\t\t<img data-recalc-dims=\"1\" decoding=\"async\" width=\"600\" height=\"800\" src=\"https:\/\/i0.wp.com\/www.jimdo-stable-staging.com/es/blog\/wp-content\/uploads\/2021\/03\/about_us_portrait_3.jpg?resize=600%2C800&#038;ssl=1\" alt=\"\" loading=\"lazy\"><figcaption>Jennifer, <a target=\"_blank\" href=\"https:\/\/www.womenletics.de\" rel=\"noopener\">womenletics.de<\/a><\/figcaption><\/figure>\n<p>Somos Jimdo.<\/p>\n<p>Para nosotros, t\u00fa, persona que trabaja de forma aut\u00f3noma, eres el verdadero motor de nuestra econom\u00eda.<br \/>\nT\u00fa les das vida a nuestras calles y vecindarios, a nuestros pueblos y ciudades.<br \/>\nPiensas en tus clientes locales y a ellos les dedicas tu negocio,<br \/>\ny act\u00faas seg\u00fan unos valores que raramente se encuentran en las grandes empresas de hoy en d\u00eda:<\/p>\n<p>Humanidad, responsabilidad y capacidad de ver m\u00e1s all\u00e1 de tu propio beneficio econ\u00f3mico.<\/p>\n<p>\u00bfY nosotros?<\/p>\n<p>Nosotros hacemos todo lo posible para reforzar tus puntos fuertes y ayudarte a prosperar en todas las \u00e1reas de tu negocio.<br \/>\nCon productos digitales que facilitan tu trabajo de oficina, potencian tu negocio y fortalecen tus superpoderes inigualables:<br \/>\nTu coraz\u00f3n y tu fuerza, esta mezcla imparable de pasi\u00f3n y amor por lo que haces. Tu contacto personal con los clientes y con las personas con las que trabajas que ning\u00fan algoritmo ser\u00e1 capaz jam\u00e1s de reproducir.&nbsp;<\/p>\n<p>Hoy queremos brindarte todo nuestro apoyo con el mejor creador de p\u00e1ginas web para aut\u00f3nomos, con una tienda online profesional y con herramientas \u00fanicas como el Generador de textos legales o Facebook para empresas.<\/p>\n<p>Sin embargo, este es solo el comienzo. Nosotros seguimos trabajando d\u00eda a d\u00eda para que llevar tu negocio online sea lo m\u00e1s sencillo para ti. Por ello, desarrollamos herramientas con el fin de poner a tu disposici\u00f3n diferentes soluciones y posibilidades que de otra forma solo estar\u00edan disponibles para las empresas grandes.<\/p>\n<p>Porque de eso se trata:<\/p>\n<p><strong>De tu pasi\u00f3n por tu negocio<br \/>\n<\/strong><strong>\u00a1De nuestra pasi\u00f3n por ti!<\/strong><\/p>\n<h2>El manifiesto de los aut\u00f3nomos<\/h2>\n<p>Admiramos a las personas valientes,<br \/>\na las independientes,<br \/>\na las emprendedoras diligentes.<br \/>\nA quienes trazan su camino<br \/>\nllen\u00e1ndolo de virtud<br \/>\nsin temer a los desatinos.<br \/>\nPersonas como t\u00fa.<\/p>\n<p>Tienes una idea,<br \/>\nun objetivo,<br \/>\ntu propia empresa.<br \/>\nTienes el coraje<br \/>\nde empezar de cero,<br \/>\nla fuerza para cuidar de todo con esmero,<br \/>\ny defender lo que es tuyo con temple de acero.<\/p>\n<p>Te entendemos.<br \/>\nSabemos c\u00f3mo te sientes<br \/>\nal ponerle el alma a este desaf\u00edo y al siguiente.<br \/>\nSabemos que unas palabras dichas con el coraz\u00f3n<br \/>\npueden tener tanto o m\u00e1s valor<br \/>\nque una gran semana de trabajo eficiente.<\/p>\n<p>Tambi\u00e9n sabemos<br \/>\nque los grandes intimidan<br \/>\ny que los obst\u00e1culos se interponen<br \/>\nen tu camino cada d\u00eda.<\/p>\n<p>Pero estamos para ti.<br \/>\nSomos tu equipo.<br \/>\nNos tienes aqu\u00ed.<\/p>\n<p>Te ayudaremos siempre<br \/>\na desatar tu poder.<br \/>\nPodr\u00e1s hacerlo a tu manera<br \/>\ny los obst\u00e1culos vencer.<\/p>\n<p>&nbsp;<\/p>\n","protected":false},"excerpt":{"rendered":"<p>Nuestra Misi\u00f3n: Desatar el poder de las personas emprendedoras y ayudarles a lograr el \u00e9xito. Trabajas de forma independiente, pero no est\u00e1s solo en esto. Jimdo est\u00e1 contigo en cada paso del camino. \u00bfPor qu\u00e9? Porque las personas emprendedoras como t\u00fa, con sus peque\u00f1os negocios, son nuestros h\u00e9roes. Por eso queremos ayudarte a desatar tu [&hellip;]<\/p>\n","protected":false},"author":2,"featured_media":0,"parent":0,"menu_order":0,"comment_status":"closed","ping_status":"closed","template":"elementor_header_footer","meta":{"footnotes":""},"class_list":["post-817","page","type-page","status-publish","hentry"],"yoast_head":"<!-- This site is optimized with the Yoast SEO plugin v27.5 - https:\/\/yoast.com\/product\/yoast-seo-wordpress\/ -->\n<title>Nuestra misi\u00f3n: apoyar a los aut\u00f3nomos | Jimdo<\/title>\n<meta name=\"description\" content=\"Admiramos a las personas que trabajan por cuenta propia. Son el motor de la econom\u00eda. Matthias Henze, fundador de Jimdo, explica por qu\u00e9 debemos apoyarles.\" \/>\n<meta name=\"robots\" content=\"index, follow, max-snippet:-1, max-image-preview:large, max-video-preview:-1\" \/>\n<link rel=\"canonical\" href=\"https:\/\/www.jimdo-stable-staging.com/es/blog\/nuestra-mision\/\" \/>\n<meta property=\"og:locale\" content=\"es_ES\" \/>\n<meta property=\"og:type\" content=\"article\" \/>\n<meta property=\"og:title\" content=\"Nuestra misi\u00f3n: apoyar a los aut\u00f3nomos | Jimdo\" \/>\n<meta property=\"og:description\" content=\"Admiramos a las personas que trabajan por cuenta propia. Son el motor de la econom\u00eda. Matthias Henze, fundador de Jimdo, explica por qu\u00e9 debemos apoyarles.\" \/>\n<meta property=\"og:url\" content=\"https:\/\/www.jimdo-stable-staging.com/es/blog\/nuestra-mision\/\" \/>\n<meta property=\"og:site_name\" content=\"Blog de Jimdo para pymes\" \/>\n<meta property=\"article:modified_time\" content=\"2021-03-24T11:19:53+00:00\" \/>\n<meta property=\"og:image\" content=\"https:\/\/www.jimdo-stable-staging.com/es/blog\/wp-content\/uploads\/2021\/03\/about_us_portrait_1.jpg\" \/>\n<meta name=\"twitter:card\" content=\"summary_large_image\" \/>\n<meta name=\"twitter:label1\" content=\"Tiempo de lectura\" \/>\n\t<meta name=\"twitter:data1\" content=\"4 minutos\" \/>\n<script type=\"application\/ld+json\" class=\"yoast-schema-graph\">{\"@context\":\"https:\\\/\\\/schema.org\",\"@graph\":[{\"@type\":\"WebPage\",\"@id\":\"https:\\\/\\\/www.jimdo-stable-staging.com/es/blog\\\/nuestra-mision\\\/\",\"url\":\"https:\\\/\\\/www.jimdo-stable-staging.com/es/blog\\\/nuestra-mision\\\/\",\"name\":\"Nuestra misi\u00f3n: apoyar a los aut\u00f3nomos | Jimdo\",\"isPartOf\":{\"@id\":\"https:\\\/\\\/www.jimdo-stable-staging.com/es/blog\\\/#website\"},\"primaryImageOfPage\":{\"@id\":\"https:\\\/\\\/www.jimdo-stable-staging.com/es/blog\\\/nuestra-mision\\\/#primaryimage\"},\"image\":{\"@id\":\"https:\\\/\\\/www.jimdo-stable-staging.com/es/blog\\\/nuestra-mision\\\/#primaryimage\"},\"thumbnailUrl\":\"https:\\\/\\\/www.jimdo-stable-staging.com/es/blog\\\/wp-content\\\/uploads\\\/2021\\\/03\\\/about_us_portrait_1.jpg\",\"datePublished\":\"2021-03-09T11:57:02+00:00\",\"dateModified\":\"2021-03-24T11:19:53+00:00\",\"description\":\"Admiramos a las personas que trabajan por cuenta propia. Son el motor de la econom\u00eda. Matthias Henze, fundador de Jimdo, explica por qu\u00e9 debemos apoyarles.\",\"inLanguage\":\"es\",\"potentialAction\":[{\"@type\":\"ReadAction\",\"target\":[\"https:\\\/\\\/www.jimdo-stable-staging.com/es/blog\\\/nuestra-mision\\\/\"]}]},{\"@type\":\"ImageObject\",\"inLanguage\":\"es\",\"@id\":\"https:\\\/\\\/www.jimdo-stable-staging.com/es/blog\\\/nuestra-mision\\\/#primaryimage\",\"url\":\"https:\\\/\\\/i0.wp.com\\\/www.jimdo-stable-staging.com/es/blog\\\/wp-content\\\/uploads\\\/2021\\\/03\\\/about_us_portrait_1.jpg?fit=600%2C800&ssl=1\",\"contentUrl\":\"https:\\\/\\\/i0.wp.com\\\/www.jimdo-stable-staging.com/es/blog\\\/wp-content\\\/uploads\\\/2021\\\/03\\\/about_us_portrait_1.jpg?fit=600%2C800&ssl=1\",\"width\":600,\"height\":800},{\"@type\":\"WebSite\",\"@id\":\"https:\\\/\\\/www.jimdo-stable-staging.com/es/blog\\\/#website\",\"url\":\"https:\\\/\\\/www.jimdo-stable-staging.com/es/blog\\\/\",\"name\":\"Blog de Jimdo para pymes\",\"description\":\"Marketing para pymes y consejos de dise\u00f1o web\",\"publisher\":{\"@id\":\"https:\\\/\\\/www.jimdo-stable-staging.com/es/blog\\\/#organization\"},\"potentialAction\":[{\"@type\":\"SearchAction\",\"target\":{\"@type\":\"EntryPoint\",\"urlTemplate\":\"https:\\\/\\\/www.jimdo-stable-staging.com/es/blog\\\/?s={search_term_string}\"},\"query-input\":{\"@type\":\"PropertyValueSpecification\",\"valueRequired\":true,\"valueName\":\"search_term_string\"}}],\"inLanguage\":\"es\"},{\"@type\":\"Organization\",\"@id\":\"https:\\\/\\\/www.jimdo-stable-staging.com/es/blog\\\/#organization\",\"name\":\"Blog de Jimdo para pymes\",\"url\":\"https:\\\/\\\/www.jimdo-stable-staging.com/es/blog\\\/\",\"logo\":{\"@type\":\"ImageObject\",\"inLanguage\":\"es\",\"@id\":\"https:\\\/\\\/www.jimdo-stable-staging.com/es/blog\\\/#\\\/schema\\\/logo\\\/image\\\/\",\"url\":\"https:\\\/\\\/i0.wp.com\\\/www.jimdo-stable-staging.com/es/blog\\\/wp-content\\\/uploads\\\/2021\\\/03\\\/Jimdo-Logo%402x.png?fit=200%2C75&ssl=1\",\"contentUrl\":\"https:\\\/\\\/i0.wp.com\\\/www.jimdo-stable-staging.com/es/blog\\\/wp-content\\\/uploads\\\/2021\\\/03\\\/Jimdo-Logo%402x.png?fit=200%2C75&ssl=1\",\"width\":200,\"height\":75,\"caption\":\"Blog de Jimdo para pymes\"},\"image\":{\"@id\":\"https:\\\/\\\/www.jimdo-stable-staging.com/es/blog\\\/#\\\/schema\\\/logo\\\/image\\\/\"}}]}<\/script>\n<!-- \/ Yoast SEO plugin. -->","yoast_head_json":{"title":"Nuestra misi\u00f3n: apoyar a los aut\u00f3nomos | Jimdo","description":"Admiramos a las personas que trabajan por cuenta propia. Son el motor de la econom\u00eda. Matthias Henze, fundador de Jimdo, explica por qu\u00e9 debemos apoyarles.","robots":{"index":"index","follow":"follow","max-snippet":"max-snippet:-1","max-image-preview":"max-image-preview:large","max-video-preview":"max-video-preview:-1"},"canonical":"https:\/\/www.jimdo-stable-staging.com/es/blog\/nuestra-mision\/","og_locale":"es_ES","og_type":"article","og_title":"Nuestra misi\u00f3n: apoyar a los aut\u00f3nomos | Jimdo","og_description":"Admiramos a las personas que trabajan por cuenta propia. Son el motor de la econom\u00eda. Matthias Henze, fundador de Jimdo, explica por qu\u00e9 debemos apoyarles.","og_url":"https:\/\/www.jimdo-stable-staging.com/es/blog\/nuestra-mision\/","og_site_name":"Blog de Jimdo para pymes","article_modified_time":"2021-03-24T11:19:53+00:00","og_image":[{"url":"https:\/\/www.jimdo-stable-staging.com/es/blog\/wp-content\/uploads\/2021\/03\/about_us_portrait_1.jpg","type":"","width":"","height":""}],"twitter_card":"summary_large_image","twitter_misc":{"Tiempo de lectura":"4 minutos"},"schema":{"@context":"https:\/\/schema.org","@graph":[{"@type":"WebPage","@id":"https:\/\/www.jimdo-stable-staging.com/es/blog\/nuestra-mision\/","url":"https:\/\/www.jimdo-stable-staging.com/es/blog\/nuestra-mision\/","name":"Nuestra misi\u00f3n: apoyar a los aut\u00f3nomos | Jimdo","isPartOf":{"@id":"https:\/\/www.jimdo-stable-staging.com/es/blog\/#website"},"primaryImageOfPage":{"@id":"https:\/\/www.jimdo-stable-staging.com/es/blog\/nuestra-mision\/#primaryimage"},"image":{"@id":"https:\/\/www.jimdo-stable-staging.com/es/blog\/nuestra-mision\/#primaryimage"},"thumbnailUrl":"https:\/\/www.jimdo-stable-staging.com/es/blog\/wp-content\/uploads\/2021\/03\/about_us_portrait_1.jpg","datePublished":"2021-03-09T11:57:02+00:00","dateModified":"2021-03-24T11:19:53+00:00","description":"Admiramos a las personas que trabajan por cuenta propia. Son el motor de la econom\u00eda. Matthias Henze, fundador de Jimdo, explica por qu\u00e9 debemos apoyarles.","inLanguage":"es","potentialAction":[{"@type":"ReadAction","target":["https:\/\/www.jimdo-stable-staging.com/es/blog\/nuestra-mision\/"]}]},{"@type":"ImageObject","inLanguage":"es","@id":"https:\/\/www.jimdo-stable-staging.com/es/blog\/nuestra-mision\/#primaryimage","url":"https:\/\/i0.wp.com\/www.jimdo-stable-staging.com/es/blog\/wp-content\/uploads\/2021\/03\/about_us_portrait_1.jpg?fit=600%2C800&ssl=1","contentUrl":"https:\/\/i0.wp.com\/www.jimdo-stable-staging.com/es/blog\/wp-content\/uploads\/2021\/03\/about_us_portrait_1.jpg?fit=600%2C800&ssl=1","width":600,"height":800},{"@type":"WebSite","@id":"https:\/\/www.jimdo-stable-staging.com/es/blog\/#website","url":"https:\/\/www.jimdo-stable-staging.com/es/blog\/","name":"Blog de Jimdo para pymes","description":"Marketing para pymes y consejos de dise\u00f1o web","publisher":{"@id":"https:\/\/www.jimdo-stable-staging.com/es/blog\/#organization"},"potentialAction":[{"@type":"SearchAction","target":{"@type":"EntryPoint","urlTemplate":"https:\/\/www.jimdo-stable-staging.com/es/blog\/?s={search_term_string}"},"query-input":{"@type":"PropertyValueSpecification","valueRequired":true,"valueName":"search_term_string"}}],"inLanguage":"es"},{"@type":"Organization","@id":"https:\/\/www.jimdo-stable-staging.com/es/blog\/#organization","name":"Blog de Jimdo para pymes","url":"https:\/\/www.jimdo-stable-staging.com/es/blog\/","logo":{"@type":"ImageObject","inLanguage":"es","@id":"https:\/\/www.jimdo-stable-staging.com/es/blog\/#\/schema\/logo\/image\/","url":"https:\/\/i0.wp.com\/www.jimdo-stable-staging.com/es/blog\/wp-content\/uploads\/2021\/03\/Jimdo-Logo%402x.png?fit=200%2C75&ssl=1","contentUrl":"https:\/\/i0.wp.com\/www.jimdo-stable-staging.com/es/blog\/wp-content\/uploads\/2021\/03\/Jimdo-Logo%402x.png?fit=200%2C75&ssl=1","width":200,"height":75,"caption":"Blog de Jimdo para pymes"},"image":{"@id":"https:\/\/www.jimdo-stable-staging.com/es/blog\/#\/schema\/logo\/image\/"}}]}},"jetpack_sharing_enabled":true,"jetpack-related-posts":[],"_links":{"self":[{"href":"https:\/\/www.jimdo-stable-staging.com/es/blog\/wp-json\/wp\/v2\/pages\/817","targetHints":{"allow":["GET"]}}],"collection":[{"href":"https:\/\/www.jimdo-stable-staging.com/es/blog\/wp-json\/wp\/v2\/pages"}],"about":[{"href":"https:\/\/www.jimdo-stable-staging.com/es/blog\/wp-json\/wp\/v2\/types\/page"}],"author":[{"embeddable":true,"href":"https:\/\/www.jimdo-stable-staging.com/es/blog\/wp-json\/wp\/v2\/users\/2"}],"replies":[{"embeddable":true,"href":"https:\/\/www.jimdo-stable-staging.com/es/blog\/wp-json\/wp\/v2\/comments?post=817"}],"version-history":[{"count":0,"href":"https:\/\/www.jimdo-stable-staging.com/es/blog\/wp-json\/wp\/v2\/pages\/817\/revisions"}],"wp:attachment":[{"href":"https:\/\/www.jimdo-stable-staging.com/es/blog\/wp-json\/wp\/v2\/media?parent=817"}],"curies":[{"name":"wp","href":"https:\/\/api.w.org\/{rel}","templated":true}]}}